
{"id":2713,"date":"2022-04-14T11:59:23","date_gmt":"2022-04-14T08:59:23","guid":{"rendered":"https:\/\/thecircle.business\/?page_id=2713"},"modified":"2022-11-14T12:51:18","modified_gmt":"2022-11-14T10:51:18","slug":"terms-and-conditions","status":"publish","type":"page","link":"https:\/\/thecircle.business\/ro\/terms-and-conditions\/","title":{"rendered":"Termeni \u0219i condi\u021bii"},"content":{"rendered":"<div data-elementor-type=\"wp-page\" data-elementor-id=\"2713\" class=\"elementor elementor-2713\" data-elementor-settings=\"[]\">\n\t\t\t<div class=\"elementor-inner\">\n\t\t\t\t<div class=\"elementor-section-wrap\">\n\t\t\t\t\t\t\t<section class=\"elementor-element elementor-element-9e5ecc9 elementor-section-boxed elementor-section-height-default elementor-section-height-default elementor-section elementor-top-section\" data-id=\"9e5ecc9\" data-element_type=\"section\" data-settings=\"{&quot;background_background&quot;:&quot;classic&quot;,&quot;tmea_shape_divider_top&quot;:&quot;none&quot;,&quot;tmea_shape_divider_bottom&quot;:&quot;none&quot;}\">\n\t\t\t\t\t\t\t<div class=\"elementor-background-overlay\"><\/div>\n\t\t\t\t\t\t\t<div class=\"elementor-container elementor-column-gap-no\">\n\t\t\t\t<div class=\"elementor-row\">\n\t\t\t\t<div class=\"elementor-element elementor-element-72c773f elementor-column elementor-col-100 elementor-top-column\" data-id=\"72c773f\" data-element_type=\"column\">\n\t\t\t<div class=\"elementor-column-wrap  elementor-element-populated\">\n\t\t\t\t\t<div class=\"elementor-widget-wrap\">\n\t\t\t\t<div class=\"elementor-element elementor-element-bfd2680 elementor-widget elementor-widget-text-editor\" data-id=\"bfd2680\" data-element_type=\"widget\" data-widget_type=\"text-editor.default\">\n\t\t\t\t<div class=\"elementor-widget-container\">\n\t\t\t\t\t<div class=\"elementor-text-editor elementor-clearfix\"><p>Bine a\u021bi venit pe THE CIRCLE!<\/p><p>Ace\u0219ti termeni \u0219i condi\u021bii descriu regulile \u0219i reglement\u0103rile de utilizare a site-ului web al The Circle LLC, situat la https:\/\/thecircle.business\/.<\/p><p>Prin accesarea acestui site presupunem c\u0103 accepta\u021bi ace\u0219ti termeni \u0219i condi\u021bii. Nu continua\u021bi s\u0103 utiliza\u021bi THE CERCLE dac\u0103 nu sunte\u021bi de acord s\u0103 accepta\u021bi to\u021bi termenii \u0219i condi\u021biile men\u021bionate pe aceast\u0103 pagin\u0103.<\/p><p>Urm\u0103toarea terminologie se aplic\u0103 acestor Termeni \u0219i Condi\u021bii, Declara\u021bie de confiden\u021bialitate \u0219i Notificare de declinare a r\u0103spunderii \u0219i tuturor Acordurilor: \u201eClient\u201d, \u201eTu\u201d \u0219i \u201eDvs.\u201d se refer\u0103 la tine, persoana care se conecteaz\u0103 pe acest site web \u0219i respect\u0103 termenii \u0219i condi\u021biile Companiei. \u201eCompania\u201d, \u201eNoi \u00een\u0219ine\u201d, \u201eNoi\u201d, \u201eNoi\u201d \u0219i \u201eNoi\u201d, se refer\u0103 la Compania noastr\u0103. \u201eParte\u201d, \u201ePartide\u201d sau \u201eNoi\u201d, se refer\u0103 at\u00e2t la Client, c\u00e2t \u0219i la noi \u00een\u0219ine. To\u021bi termenii se refer\u0103 la oferta, acceptarea \u0219i luarea \u00een considerare a pl\u0103\u021bii necesare pentru a desf\u0103\u0219ura procesul de asisten\u021b\u0103 clientului \u00een modul cel mai adecvat, \u00een scopul expres de a satisface nevoile clientului \u00een ceea ce prive\u0219te furnizarea serviciilor declarate ale Companiei, \u00een conformitate cu \u0219i sub rezerva legii \u00een vigoare din \u021a\u0103rile de Jos. Orice utilizare a terminologiei de mai sus sau a altor cuvinte la singular, plural, scriere cu majuscule \u0219i\/sau el\/ea sau ei sunt considerate interschimbabile \u0219i, prin urmare, se refer\u0103 la acestea.<\/p><h3>\u00a0<\/h3><h3><strong>Cookie-uri<\/strong><\/h3><p>Ce sunt cookie-urile<br \/>A\u0219a cum este o practic\u0103 obi\u0219nuit\u0103 cu aproape toate site-urile web profesionale, acest site folose\u0219te cookie-uri, care sunt fi\u0219iere minuscule care sunt desc\u0103rcate pe computerul dvs., pentru a v\u0103 \u00eembun\u0103t\u0103\u021bi experien\u021ba. Aceast\u0103 pagin\u0103 descrie ce informa\u021bii adun\u0103, cum le folosim \u0219i de ce uneori trebuie s\u0103 stoc\u0103m aceste cookie-uri. De asemenea, vom \u00eemp\u0103rt\u0103\u0219i modul \u00een care pute\u021bi \u00eempiedica stocarea acestor cookie-uri, totu\u0219i acest lucru poate reduce sau \u201erupe\u201d anumite elemente ale func\u021bionalit\u0103\u021bii site-urilor.<\/p><p>Cum folosim cookie-urile<br \/>Folosim cookie-uri dintr-o varietate de motive detaliate mai jos. Din p\u0103cate, \u00een majoritatea cazurilor, nu exist\u0103 op\u021biuni standard \u00een industrie pentru dezactivarea cookie-urilor f\u0103r\u0103 a dezactiva complet func\u021bionalitatea \u0219i caracteristicile pe care le adaug\u0103 acestui site. Este recomandat s\u0103 l\u0103sa\u021bi pe toate cookie-urile dac\u0103 nu sunte\u021bi sigur dac\u0103 ave\u021bi nevoie de ele sau nu \u00een cazul \u00een care sunt folosite pentru a furniza un serviciu pe care \u00eel utiliza\u021bi.<\/p><p>Dezactivarea modulelor cookie<br \/>Pute\u021bi \u00eempiedica setarea cookie-urilor ajust\u00e2nd set\u0103rile browserului dumneavoastr\u0103 (consulta\u021bi Ajutorul browserului dumneavoastr\u0103 pentru a afla cum s\u0103 face\u021bi acest lucru). Re\u021bine\u021bi c\u0103 dezactivarea cookie-urilor va afecta func\u021bionalitatea acestui site \u0219i a multor alte site-uri web pe care le vizita\u021bi. Dezactivarea cookie-urilor va duce, de obicei, la dezactivarea anumitor func\u021bionalit\u0103\u021bi \u0219i caracteristici ale acestui site. Prin urmare, este recomandat s\u0103 nu dezactiva\u021bi cookie-urile.<\/p><p>Cookie-urile pe care le set\u0103m<br \/>Cookie-uri legate de newslettere prin e-mail<\/p><p>Acest site ofer\u0103 servicii de abonare la newsletter sau e-mail, iar cookie-urile pot fi folosite pentru a v\u0103 aminti dac\u0103 sunte\u021bi deja \u00eenregistrat \u0219i dac\u0103 s\u0103 afi\u0219a\u021bi anumite notific\u0103ri care ar putea fi valabile numai pentru utilizatorii abona\u021bi\/dezabona\u021bi.<\/p><p>Cookie-uri legate de sondaje<\/p><p>Din c\u00e2nd \u00een c\u00e2nd, oferim sondaje \u0219i chestionare pentru utilizatori pentru a v\u0103 oferi informa\u021bii interesante, instrumente utile sau pentru a \u00een\u021belege mai exact baza noastr\u0103 de utilizatori. Aceste sondaje pot folosi cookie-uri pentru a re\u021bine cine a participat deja la un sondaj sau pentru a v\u0103 oferi rezultate exacte dup\u0103 ce schimba\u021bi paginile.<\/p><p>Cookie-uri legate de formulare<\/p><p>Atunci c\u00e2nd trimite\u021bi date printr-un formular, cum ar fi cele g\u0103site \u00een paginile de contact sau formularele de comentarii, cookie-urile pot fi setate pentru a re\u021bine detaliile utilizatorului pentru coresponden\u021ba viitoare.<\/p><p>Cookie-uri pentru preferin\u021bele site-ului<\/p><p>Pentru a v\u0103 oferi o experien\u021b\u0103 grozav\u0103 pe acest site, v\u0103 oferim func\u021bionalitatea de a v\u0103 seta preferin\u021bele pentru modul \u00een care ruleaz\u0103 acest site atunci c\u00e2nd \u00eel utiliza\u021bi. Pentru a v\u0103 aminti preferin\u021bele, trebuie s\u0103 set\u0103m cookie-uri astfel \u00eenc\u00e2t aceste informa\u021bii s\u0103 poat\u0103 fi apelate ori de c\u00e2te ori interac\u021biona\u021bi cu o pagin\u0103 este afectat\u0103 de preferin\u021bele dumneavoastr\u0103.<\/p><p>Cookie-uri ale ter\u021bilor<br \/>\u00cen unele cazuri speciale folosim \u0219i cookie-uri furnizate de ter\u021bi de \u00eencredere. Urm\u0103toarea sec\u021biune detaliaz\u0103 ce cookie-uri ter\u021b\u0103 parte le-a\u021bi putea \u00eent\u00e2lni prin acest site.<\/p><p>Acest site folose\u0219te Google Analytics, care este una dintre cele mai r\u0103sp\u00e2ndite \u0219i de \u00eencredere solu\u021bii de analiz\u0103 de pe web pentru a ne ajuta s\u0103 \u00een\u021belegem cum utiliza\u021bi site-ul \u0219i modalit\u0103\u021bile prin care v\u0103 putem \u00eembun\u0103t\u0103\u021bi experien\u021ba. Aceste module cookie pot urm\u0103ri lucruri precum c\u00e2t timp petreci pe site \u0219i paginile pe care le vizitezi, astfel \u00eenc\u00e2t s\u0103 putem continua s\u0103 producem con\u021binut captivant.<\/p><p>Pentru mai multe informa\u021bii despre cookie-urile Google Analytics, consulta\u021bi pagina oficial\u0103 Google Analytics.<\/p><p>Analizele ter\u021bilor sunt folosite pentru a urm\u0103ri \u0219i m\u0103sura utilizarea acestui site, astfel \u00eenc\u00e2t s\u0103 putem continua s\u0103 producem con\u021binut captivant. Aceste cookie-uri pot urm\u0103ri lucruri precum c\u00e2t timp petreci pe site sau paginile pe care le vizitezi, ceea ce ne ajut\u0103 s\u0103 \u00een\u021belegem cum putem \u00eembun\u0103t\u0103\u021bi site-ul pentru tine.<\/p><p>Pe m\u0103sur\u0103 ce vindem produse, este important pentru noi s\u0103 \u00een\u021belegem statistici despre c\u00e2\u021bi dintre vizitatorii site-ului nostru realizeaz\u0103 o achizi\u021bie \u0219i, prin urmare, acesta este tipul de date pe care aceste cookie-uri le vor urm\u0103ri. Acest lucru este important pentru dvs., deoarece \u00eenseamn\u0103 c\u0103 putem face previziuni de afaceri cu precizie care ne permit s\u0103 ne monitoriz\u0103m costurile publicitare \u0219i ale produselor pentru a asigura cel mai bun pre\u021b posibil.<\/p><p>Mai multe informa\u021bii<br \/>Sper\u0103m c\u0103 asta v-a clarificat lucrurile \u0219i, a\u0219a cum sa men\u021bionat anterior, dac\u0103 exist\u0103 ceva de care nu sunte\u021bi sigur dac\u0103 ave\u021bi nevoie sau nu, este de obicei mai sigur s\u0103 l\u0103sa\u021bi cookie-urile activate \u00een cazul \u00een care interac\u021bioneaz\u0103 cu una dintre func\u021biile pe care le utiliza\u021bi pe site-ul nostru.<\/p><p>Cu toate acestea, dac\u0103 \u00eenc\u0103 c\u0103uta\u021bi mai multe informa\u021bii, ne pute\u021bi contacta prin una dintre metodele noastre de contact preferate:<\/p><p>Email: technic@thecircle.business<br \/>Vizit\u00e2nd acest link: https:\/\/thecircle.business\/contact\/<\/p><p>Majoritatea site-urilor web interactive folosesc cookie-uri pentru a ne permite s\u0103 recuper\u0103m detaliile utilizatorului pentru fiecare vizit\u0103. Cookie-urile sunt folosite de site-ul nostru web pentru a activa func\u021bionalitatea anumitor zone pentru a facilita accesul persoanelor care viziteaz\u0103 site-ul nostru. Unii dintre afilia\u021bii\/partenerii no\u0219tri de publicitate pot folosi, de asemenea, cookie-uri.<\/p><h3>\u00a0<\/h3><h3><strong>Licen\u021b\u0103<\/strong><\/h3><p>Dac\u0103 nu se specific\u0103 altfel, The Circle LLC. \u0219i\/sau licen\u021biatorii s\u0103i de\u021bin drepturile de proprietate intelectual\u0103 pentru tot materialul de pe THE CIRCLE. Toate drepturile de proprietate intelectual\u0103 sunt rezervate. Pute\u021bi accesa aceasta din THE CIRCLE pentru uzul dvs. personal, sub rezerva restric\u021biilor stabilite \u00een ace\u0219ti termeni \u0219i condi\u021bii.<\/p><p>Trebuie s\u0103 nu:<\/p><ul><li>Republica\u021bi materialul din THE CERCLE<\/li><li>Vinde\u021bi, \u00eenchiria\u021bi sau sublicen\u021ba\u021bi material de la THE CIRCLE<\/li><li>Reproduce\u021bi, duplica\u021bi sau copia\u021bi material din THE CIRCLE<\/li><li>Redistribui\u021bi con\u021binutul din THE CERCLE<\/li><\/ul><p>Prezentul acord va \u00eencepe la data prezentului. Termenii \u0219i condi\u021biile noastre au fost create cu ajutorul\u00a0<a href=\"https:\/\/www.privacypolicies.com\/blog\/sample-terms-conditions-template\/\" target=\"_blank\" rel=\"noopener\">Terms And Conditions Template<\/a>.<\/p><p>P\u0103r\u021bi ale acestui site web ofer\u0103 utilizatorilor posibilitatea de a posta \u0219i de a face schimb de opinii \u0219i informa\u021bii \u00een anumite zone ale site-ului web. The Circle LLC. nu filtreaz\u0103, editeaz\u0103, public\u0103 sau revizuie\u0219te comentariile \u00eenainte de prezen\u021ba lor pe site. Comentariile nu reflect\u0103 punctele de vedere \u0219i opiniile The Circle LLC., agen\u021bii \u0219i\/sau afilia\u021bii s\u0103i. Comentariile reflect\u0103 punctele de vedere \u0219i opiniile persoanei care \u00ee\u0219i posteaz\u0103 opiniile \u0219i opiniile. \u00cen m\u0103sura permis\u0103 de legile aplicabile, The Circle LLC. nu va fi r\u0103spunz\u0103tor pentru Comentarii sau pentru orice r\u0103spundere, daune sau cheltuieli cauzate \u0219i\/sau suferite ca urmare a utiliz\u0103rii \u0219i\/sau post\u0103rii \u0219i\/sau apari\u021biei Comentariilor pe acest site web.<\/p><p>The Circle LLC. \u00ee\u0219i rezerv\u0103 dreptul de a monitoriza toate Comentariile \u0219i de a elimina orice Comentarii care pot fi considerate nepotrivite, ofensatoare sau care cauzeaz\u0103 \u00eenc\u0103lcarea acestor Termeni \u0219i Condi\u021bii.<\/p><p>Garanta\u021bi \u0219i declara\u021bi c\u0103:<\/p><ul><li>Ave\u021bi dreptul de a posta Comentariile pe site-ul nostru web \u0219i ave\u021bi toate licen\u021bele \u0219i consim\u021b\u0103m\u00e2ntul necesare pentru a face acest lucru;<\/li><li>Comentariile nu invadeaz\u0103 niciun drept de proprietate intelectual\u0103, inclusiv, f\u0103r\u0103 limitare, drepturile de autor, brevetele sau m\u0103rcile comerciale ale oric\u0103rei ter\u021be p\u0103r\u021bi;<\/li><li>Comentariile nu con\u021bin niciun material def\u0103im\u0103tor, calomnios, ofensator, indecent sau ilegal, care este o invazie a vie\u021bii private.<\/li><li>Comentariile nu vor fi folosite pentru a solicita sau promova afaceri sau obiceiuri sau pentru a prezenta activit\u0103\u021bi comerciale sau activit\u0103\u021bi ilegale.<\/li><\/ul><p>Prin prezenta acorda\u021bi The Circle LLC. o licen\u021b\u0103 neexclusiv\u0103 de utilizare, reproducere, editare \u0219i autorizare pe al\u021bii s\u0103 utilizeze, reproduce \u0219i edita oricare dintre Comentariile dumneavoastr\u0103 \u00een orice form\u0103, formate sau media.<\/p><h3>\u00a0<\/h3><h3><strong>Hyperlink la Con\u021binutul nostru<\/strong><\/h3><p>Urm\u0103toarele organiza\u021bii se pot conecta la site-ul dvs. f\u0103r\u0103 aprobare prealabil\u0103 \u00een scris:<\/p><ul><li>Agentii guvernamentale;<\/li><li>Motoare de c\u0103utare;<\/li><li>Organiza\u021bii de \u0219tiri;<\/li><li>Distribuitorii de directoare online pot face linkuri c\u0103tre site-ul nostru \u00een acela\u0219i mod \u00een care fac hyperlink c\u0103tre site-urile altor companii listate; \u0219i<\/li><li>Afaceri acreditate la nivelul \u00eentregului sistem, cu excep\u021bia organiza\u021biilor non-profit, centrelor comerciale de caritate \u0219i a grupurilor de str\u00e2ngere de fonduri de caritate, care nu pot face linkuri c\u0103tre site-ul nostru Web.<\/li><\/ul><p>Aceste organiza\u021bii pot face linkuri c\u0103tre pagina noastr\u0103 de pornire, c\u0103tre publica\u021bii sau c\u0103tre alte informa\u021bii de pe site-ul web, at\u00e2ta timp c\u00e2t linkul: (a) nu este \u00een niciun fel \u00een\u0219el\u0103tor; (b) nu implic\u0103 \u00een mod fals sponsorizarea, aprobarea sau aprobarea p\u0103r\u021bii care face leg\u0103tura \u0219i a produselor \u0219i\/sau serviciilor acesteia; \u0219i (c) se \u00eencadreaz\u0103 \u00een contextul site-ului p\u0103r\u021bii care face leg\u0103tura.<\/p><p>Putem lua \u00een considerare \u0219i aproba alte solicit\u0103ri de linkuri de la urm\u0103toarele tipuri de organiza\u021bii:<\/p><ul><li>surse de informa\u021bii cunoscute pentru consumatori \u0219i\/sau afaceri;<\/li><li>site-urile comunit\u0103\u021bii dot.com;<\/li><li>asocia\u021bii sau alte grupuri care reprezint\u0103 organiza\u021bii de caritate;<\/li><li>distribuitori de directoare online;<\/li><li>portaluri de internet;<\/li><li>firme de contabilitate, avocatura si consultanta; \u0219i<\/li><li>institu\u021bii de \u00eenv\u0103\u021b\u0103m\u00e2nt \u0219i asocia\u021bii comerciale.<\/li><\/ul><p>Vom aproba solicit\u0103rile de linkuri de la aceste organiza\u021bii dac\u0103 decidem c\u0103: (a) linkul nu ne-ar face s\u0103 ne ar\u0103t\u0103m nefavorabil pentru noi \u00een\u0219ine sau pentru afacerile noastre acreditate; (b) organiza\u021bia nu are \u00eenregistr\u0103ri negative cu noi; (c) beneficiul pentru noi din vizibilitatea hyperlinkului compenseaz\u0103 absen\u021ba The Circle LLC.; \u0219i (d) leg\u0103tura se afl\u0103 \u00een contextul informa\u021biilor generale despre resurse.<\/p><p>Aceste organiza\u021bii pot face leg\u0103tura c\u0103tre pagina noastr\u0103 de pornire at\u00e2ta timp c\u00e2t linkul: (a) nu este \u00een niciun fel \u00een\u0219el\u0103tor; (b) nu implic\u0103 \u00een mod fals sponsorizarea, aprobarea sau aprobarea p\u0103r\u021bii care face leg\u0103tura \u0219i a produselor sau serviciilor sale; \u0219i (c) se \u00eencadreaz\u0103 \u00een contextul site-ului p\u0103r\u021bii care face leg\u0103tura.<\/p><p>Dac\u0103 sunte\u021bi una dintre organiza\u021biile enumerate \u00een paragraful 2 de mai sus \u0219i sunte\u021bi interesat s\u0103 v\u0103 conecta\u021bi la site-ul nostru, trebuie s\u0103 ne informa\u021bi trimi\u021b\u00e2nd un e-mail c\u0103tre The Circle LLC.. V\u0103 rug\u0103m s\u0103 include\u021bi numele dvs., numele organiza\u021biei dvs., precum \u0219i informa\u021biile de contact ca adresa URL a site-ului dvs., o list\u0103 a oric\u0103ror adrese URL de la care inten\u021biona\u021bi s\u0103 face\u021bi un link c\u0103tre site-ul nostru \u0219i o list\u0103 a adreselor URL de pe site-ul nostru c\u0103tre care dori\u021bi s\u0103 face\u021bi un link. A\u0219tepta\u021bi 2-3 s\u0103pt\u0103m\u00e2ni pentru un r\u0103spuns.<\/p><p>Organiza\u021biile aprobate pot face hyperlink c\u0103tre site-ul nostru web dup\u0103 cum urmeaz\u0103:<\/p><ul><li>Prin utilizarea numelui nostru corporativ; sau<\/li><li>Prin utilizarea locatorului uniform de resurse la care este legat; sau<\/li><li>Prin folosirea oric\u0103rei alte descrieri a site-ului nostru la care este legat\u0103, aceasta are sens \u00een contextul \u0219i formatul con\u021binutului de pe site-ul p\u0103r\u021bii care face leg\u0103tura.<\/li><\/ul><p>Nicio utilizare a siglei The Circle LLC sau a altor lucr\u0103ri de art\u0103 nu va fi permis\u0103 pentru conectarea \u00een absen\u021ba unui acord de licen\u021b\u0103 a m\u0103rcii comerciale.<\/p><h3>\u00a0<\/h3><h3><strong>iFrame-uri<\/strong><\/h3><p>F\u0103r\u0103 aprobarea prealabil\u0103 \u0219i permisiunea scris\u0103, nu pute\u021bi crea cadre \u00een jurul paginilor noastre web care s\u0103 modifice \u00een vreun fel prezentarea vizual\u0103 sau aspectul site-ului nostru.<\/p><h3>\u00a0<\/h3><h3><strong>R\u0103spunderea con\u021binutului<\/strong><\/h3><p>Nu vom fi responsabili pentru niciun con\u021binut care apare pe site-ul dvs. web. Sunte\u021bi de acord s\u0103 ne proteja\u021bi \u0219i s\u0103 ne ap\u0103ra\u021bi \u00eempotriva tuturor revendic\u0103rilor care apar pe site-ul dvs. Niciun link-uri nu ar trebui s\u0103 apar\u0103 pe niciun site web care poate fi interpretat ca def\u0103im\u0103tor, obscen sau criminal sau care \u00eencalc\u0103, \u00eencalc\u0103 \u00een alt mod sau sus\u021bine \u00eenc\u0103lcarea sau alt\u0103 \u00eenc\u0103lcare a oric\u0103ror drepturi ale ter\u021bilor.<\/p><p>\u00a0<\/p><h3><strong>Rezervarea drepturilor<\/strong><\/h3><p>Ne rezerv\u0103m dreptul de a solicita s\u0103 elimina\u021bi toate linkurile sau orice link anume c\u0103tre site-ul nostru. Sunte\u021bi de acord s\u0103 elimina\u021bi imediat toate linkurile c\u0103tre site-ul nostru, la cerere. De asemenea, ne rezerv\u0103m dreptul de a modifica \u00een orice moment ace\u0219ti termeni \u0219i condi\u021bii \u0219i politica de conectare. Prin conectarea continu\u0103 la site-ul nostru, sunte\u021bi de acord s\u0103 fi\u021bi obligat \u0219i s\u0103 urma\u021bi ace\u0219ti termeni \u0219i condi\u021bii de conectare.<\/p><h3>\u00a0<\/h3><h3><strong>Eliminarea link-urilor de pe site-ul nostru<\/strong><\/h3><p>Dac\u0103 g\u0103si\u021bi pe site-ul nostru vreun link care este ofensator din orice motiv, sunte\u021bi liber s\u0103 ne contacta\u021bi \u0219i s\u0103 ne informa\u021bi \u00een orice moment. Vom lua \u00een considerare cererile de eliminare a leg\u0103turilor, dar nu suntem obliga\u021bi sau s\u0103 v\u0103 r\u0103spundem direct.<\/p><p>Nu ne asigur\u0103m c\u0103 informa\u021biile de pe acest site web sunt corecte, nu garant\u0103m caracterul complet sau acurate\u021bea acestora; nici nu promitem s\u0103 ne asigur\u0103m c\u0103 site-ul web r\u0103m\u00e2ne disponibil sau c\u0103 materialul de pe site este \u021binut la zi.<\/p><h3>\u00a0<\/h3><h3><strong>Disclaimer<\/strong><\/h3><p>\u00cen m\u0103sura maxim\u0103 permis\u0103 de legea aplicabil\u0103, excludem toate declara\u021biile, garan\u021biile \u0219i condi\u021biile referitoare la site-ul nostru web \u0219i la utilizarea acestui site. Nimic din aceast\u0103 clauz\u0103 de declinare a r\u0103spunderii nu va:<\/p><ul><li>limita\u021bi sau exclude\u021bi r\u0103spunderea noastr\u0103 sau a dumneavoastr\u0103 pentru deces sau v\u0103t\u0103mare corporal\u0103;<\/li><li>limita\u021bi sau exclude\u021bi r\u0103spunderea noastr\u0103 sau a dumneavoastr\u0103 pentru fraud\u0103 sau declara\u021bii false frauduloase;<\/li><li>limita\u021bi oricare dintre responsabilit\u0103\u021bile noastre sau ale dumneavoastr\u0103 \u00een orice mod care nu este permis de legea aplicabil\u0103; sau<\/li><li>exclude\u021bi oricare dintre obliga\u021biile noastre sau ale dvs., care nu pot fi excluse conform legisla\u021biei \u00een vigoare.<\/li><\/ul><p>Limit\u0103rile \u0219i interdic\u021biile de r\u0103spundere stabilite \u00een aceast\u0103 sec\u021biune \u0219i \u00een alt\u0103 parte \u00een aceast\u0103 declinare a r\u0103spunderii: (a) sunt supuse paragrafului precedent; \u0219i (b) guverneaz\u0103 toate responsabilit\u0103\u021bile care decurg din declinarea r\u0103spunderii, inclusiv responsabilit\u0103\u021bile care decurg din contract, delictu \u0219i pentru \u00eenc\u0103lcarea obliga\u021biilor legale.<\/p><p>At\u00e2ta timp c\u00e2t site-ul web \u0219i informa\u021biile \u0219i serviciile de pe site sunt furnizate gratuit, nu vom fi r\u0103spunz\u0103tori pentru nicio pierdere sau daune de orice natur\u0103.<\/p><\/div>\n\t\t\t\t<\/div>\n\t\t\t\t<\/div>\n\t\t\t\t\t\t<\/div>\n\t\t\t<\/div>\n\t\t<\/div>\n\t\t\t\t\t\t<\/div>\n\t\t\t<\/div>\n\t\t<\/section>\n\t\t\t\t\t\t<\/div>\n\t\t\t<\/div>\n\t\t<\/div>","protected":false},"excerpt":{"rendered":"<p>Welcome to THE CIRCLE! These terms and conditions outline the rules and regulations for the use of The Circle LLC.&#8217;s Website, located at https:\/\/thecircle.business\/. By accessing this website we assume you accept these terms and conditions. Do not continue to use THE CIRCLE if you do not agree to take all of the terms and [&hellip;]<\/p>","protected":false},"author":1,"featured_media":0,"parent":0,"menu_order":0,"comment_status":"closed","ping_status":"closed","template":"elementor_header_footer","meta":[],"_links":{"self":[{"href":"https:\/\/thecircle.business\/ro\/wp-json\/wp\/v2\/pages\/2713"}],"collection":[{"href":"https:\/\/thecircle.business\/ro\/wp-json\/wp\/v2\/pages"}],"about":[{"href":"https:\/\/thecircle.business\/ro\/wp-json\/wp\/v2\/types\/page"}],"author":[{"embeddable":true,"href":"https:\/\/thecircle.business\/ro\/wp-json\/wp\/v2\/users\/1"}],"replies":[{"embeddable":true,"href":"https:\/\/thecircle.business\/ro\/wp-json\/wp\/v2\/comments?post=2713"}],"version-history":[{"count":9,"href":"https:\/\/thecircle.business\/ro\/wp-json\/wp\/v2\/pages\/2713\/revisions"}],"predecessor-version":[{"id":3089,"href":"https:\/\/thecircle.business\/ro\/wp-json\/wp\/v2\/pages\/2713\/revisions\/3089"}],"wp:attachment":[{"href":"https:\/\/thecircle.business\/ro\/wp-json\/wp\/v2\/media?parent=2713"}],"curies":[{"name":"wp","href":"https:\/\/api.w.org\/{rel}","templated":true}]}}