
{"id":2703,"date":"2022-04-14T11:35:00","date_gmt":"2022-04-14T08:35:00","guid":{"rendered":"https:\/\/thecircle.business\/?page_id=2703"},"modified":"2022-04-15T17:57:58","modified_gmt":"2022-04-15T14:57:58","slug":"cookie-policy","status":"publish","type":"page","link":"https:\/\/thecircle.business\/ro\/cookie-policy\/","title":{"rendered":"Politic\u0103 cookie"},"content":{"rendered":"<div data-elementor-type=\"wp-page\" data-elementor-id=\"2703\" class=\"elementor elementor-2703\" data-elementor-settings=\"[]\">\n\t\t\t<div class=\"elementor-inner\">\n\t\t\t\t<div class=\"elementor-section-wrap\">\n\t\t\t\t\t\t\t<section class=\"elementor-element elementor-element-9e5ecc9 elementor-section-boxed elementor-section-height-default elementor-section-height-default elementor-section elementor-top-section\" data-id=\"9e5ecc9\" data-element_type=\"section\" data-settings=\"{&quot;background_background&quot;:&quot;classic&quot;,&quot;tmea_shape_divider_top&quot;:&quot;none&quot;,&quot;tmea_shape_divider_bottom&quot;:&quot;none&quot;}\">\n\t\t\t\t\t\t\t<div class=\"elementor-background-overlay\"><\/div>\n\t\t\t\t\t\t\t<div class=\"elementor-container elementor-column-gap-no\">\n\t\t\t\t<div class=\"elementor-row\">\n\t\t\t\t<div class=\"elementor-element elementor-element-72c773f elementor-column elementor-col-100 elementor-top-column\" data-id=\"72c773f\" data-element_type=\"column\">\n\t\t\t<div class=\"elementor-column-wrap  elementor-element-populated\">\n\t\t\t\t\t<div class=\"elementor-widget-wrap\">\n\t\t\t\t<div class=\"elementor-element elementor-element-40594fe elementor-widget elementor-widget-text-editor\" data-id=\"40594fe\" data-element_type=\"widget\" data-widget_type=\"text-editor.default\">\n\t\t\t\t<div class=\"elementor-widget-container\">\n\t\t\t\t\t<div class=\"elementor-text-editor elementor-clearfix\"><p>Aceast\u0103 pagin\u0103 descrie politica noastr\u0103 privind cookie-urile <a href=\"https:\/\/thecircle.business\/ro\/\"><strong>www.thecircle.business<\/strong><\/a> (denumit \u00een continuare\u00a0 \u201e<strong>Website<\/strong>\u201d). Dac\u0103 nu accepta\u021bi aceast\u0103 politic\u0103 privind cookie-urile, v\u0103 rug\u0103m s\u0103 nu utiliza\u021bi site-ul nostru web.<\/p><ol><li><strong> CE SUNT COOKIE-urile?<\/strong><\/li><\/ol><p>Pentru a func\u021biona corect, majoritatea site-urilor web trebuie s\u0103 colecteze anumite informa\u021bii de baz\u0103 despre utilizatorii s\u0103i. Pentru a face acest lucru, un site web va crea fi\u0219iere cunoscute ca <strong><em>Cookie-uri<\/em><\/strong> (care sunt de fapt fi\u0219iere text mici create pe dispozitivele utilizatorilor s\u0103i care sunt folosite pentru navigare). Aceste cookie-uri sunt create pentru a permite site-ului web s\u0103-\u0219i recunoasc\u0103 utilizatorii \u00een vizitele ulterioare sau pentru a autoriza alte site-uri web desemnate s\u0103 recunoasc\u0103 ace\u0219ti utilizatori \u00eentr-un anumit scop.<\/p><p>\u00cen sensul prezentei Politici privind cookie-urile, \u201e<strong>utilizatorul<\/strong><em>\"<\/em> este orice persoan\u0103 fizic\u0103 sau juridic\u0103 care acceseaz\u0103 con\u021binutul site-ului nostru.<\/p><ol start=\"2\"><li><strong> CE FAC COOKIE-urile?<\/strong><\/li><\/ol><p><strong><em>Cookie-uri<\/em><\/strong> face\u021bi o mul\u021bime de lucr\u0103ri diferite care v\u0103 fac experien\u021ba pe Internet mult mai fluid\u0103 \u0219i mai interactiv\u0103. De exemplu, sunt folosite pentru a v\u0103 aminti preferin\u021bele pe site-urile pe care le vizita\u021bi des, pentru a v\u0103 aminti ID-ul de utilizator \u0219i con\u021binutul ofertelor sau profilurilor vizitate \u0219i pentru a v\u0103 ajuta s\u0103 naviga\u021bi \u00eentre pagini mai eficient.<\/p><p>De asemenea, v\u0103 ajut\u0103 s\u0103 v\u0103 asigura\u021bi c\u0103 reclamele pe care le vede\u021bi online sunt mai relevante pentru dvs. \u0219i pentru interesele dvs. Multe dintre datele pe care le colecteaz\u0103, de\u0219i nu toate, sunt anonime, de\u0219i unele dintre ele sunt concepute pentru a detecta tiparele de navigare \u0219i loca\u021bia geografic\u0103 aproximativ\u0103 pentru a \u00eembun\u0103t\u0103\u021bi experien\u021ba utilizatorului.<\/p><p>Refuzul sau dezactivarea cookie-urilor nu \u00eenseamn\u0103 c\u0103 nu ve\u021bi mai primi publicitate online, ci c\u0103 aceasta nu va mai putea \u021bine cont de preferin\u021bele \u0219i interesele dumneavoastr\u0103, eviden\u021biate de comportamentul dumneavoastr\u0103 de navigare.<\/p><ol start=\"3\"><li><strong> CUM UTILIZAM COOKIE-urile?<\/strong><\/li><\/ol><p>Colect\u0103m o serie de cookie-uri de la utilizatorii no\u0219tri din diverse motive, nu doar pentru a ne urm\u0103ri propria performan\u021b\u0103, ci \u0219i pentru a ne permite s\u0103 v\u0103 oferim con\u021binut adaptat propriilor specifica\u021bii, sper\u0103m c\u0103 v\u0103 \u00eembun\u0103t\u0103\u021bim experien\u021ba general\u0103 pe site. Printre altele, cookie-urile pe care le folosim permit utilizatorilor s\u0103 se \u00eenregistreze pentru a acorda evalu\u0103ri, ne permit s\u0103 calcul\u0103m c\u00e2\u021bi vizitatori avem \u2013 \u00een mod anonim, desigur \u2013 \u0219i c\u00e2t timp stau ace\u0219tia pe site-ul nostru.<\/p><p>Facem tot posibilul pentru a respecta confiden\u021bialitatea utilizatorilor. Folosim cookie-uri pentru a ne monitoriza \u0219i \u00eembun\u0103t\u0103\u021bi serviciile. Uneori includem link-uri pe site-ul nostru c\u0103tre bunuri \u0219i servicii oferite de ter\u021bi \u0219i este posibil s\u0103 ni se pl\u0103teasc\u0103 un comision dac\u0103 ulterior decide\u021bi s\u0103 face\u021bi o achizi\u021bie. Cookie-urile pot fi folosite pentru a urm\u0103ri vizitele dumneavoastr\u0103 pe site-uri ter\u021be, pentru a ne asigura c\u0103 ni se pl\u0103tesc sumele corecte. V\u0103 rug\u0103m s\u0103 re\u021bine\u021bi c\u0103 aceste aranjamente comerciale nu influen\u021beaz\u0103 \u00een niciun fel con\u021binutul nostru editorial.<\/p><p>Consider\u0103m c\u0103 experien\u021ba dumneavoastr\u0103 pe site ar fi afectat\u0103 negativ dac\u0103 a\u021bi renun\u021bat la cookie-urile pe care le folosim.<\/p><ol start=\"4\"><li><strong> CE TIPURI DE COOKIES EXIST\u0102 \u0218I PE CARE UTILIM?<\/strong><\/li><\/ol><p><em>Exist\u0103 dou\u0103 tipuri de cookie-uri:<\/em><\/p><ul><li><strong>Cookie-uri persistente<\/strong> r\u0103m\u00e2ne pe dispozitivul unui utilizator pentru o perioad\u0103 de timp stabilit\u0103 specificat\u0103 \u00een cookie. Acestea sunt activate de fiecare dat\u0103 c\u00e2nd utilizatorul viziteaz\u0103 site-ul web care a creat acel cookie particular.<\/li><li><strong>Cookie-uri de sesiune<\/strong> sunt temporare. Acestea permit operatorilor de site-uri web s\u0103 conecteze ac\u021biunile unui utilizator \u00een timpul unei sesiuni de browser. O sesiune de browser \u00eencepe c\u00e2nd un utilizator deschide fereastra browserului \u0219i se termin\u0103 c\u00e2nd \u00eenchide fereastra browserului. Odat\u0103 ce \u00eenchide\u021bi browserul, toate modulele cookie de sesiune sunt \u0219terse.<\/li><\/ul><p><em>Cookie-urile au, de asemenea, \u00een linii mari, patru func\u021bii diferite \u0219i pot fi clasificate dup\u0103 cum urmeaz\u0103: <\/em><\/p><ul><li><strong>Cookie-uri strict necesare<\/strong> sunt esen\u021biale pentru a naviga pe un site web \u0219i pentru a utiliza func\u021biile acestuia. F\u0103r\u0103 ele, nu a\u021bi putea folosi servicii de baz\u0103, cum ar fi \u00eenregistrarea sau vizualizarea ofertelor postate. Aceste cookie-uri nu adun\u0103 informa\u021bii despre dvs. care ar putea fi utilizate pentru marketing sau pentru a aminti unde a\u021bi fost pe internet. Exemple de modul \u00een care folosim cookie-urile \u201estrict necesare\u201d includ <em>i)<\/em> stabilirea de identificatori unici pentru fiecare vizitator unic, astfel \u00eenc\u00e2t numerele de site s\u0103 poat\u0103 fi analizate \u0219i <em>ii) <\/em>Permi\u021b\u00e2ndu-v\u0103 s\u0103 v\u0103 conecta\u021bi la site ca utilizator \u00eenregistrat.<\/li><li><strong>Cookie-uri de performan\u021b\u0103<\/strong> colecteaz\u0103 date anonime \u00een scopuri statistice despre modul \u00een care vizitatorii folosesc un site web, acestea nu con\u021bin informa\u021bii personale \u0219i sunt utilizate pentru a v\u0103 \u00eembun\u0103t\u0103\u021bi experien\u021ba de utilizare a unui site web.<\/li><\/ul><p>Iat\u0103 c\u00e2teva exemple de modul \u00een care folosim module cookie de performan\u021b\u0103:<\/p><ul><li>Colectarea de date despre vizitele pe site, inclusiv num\u0103rul de vizitatori \u0219i vizite, durata de timp petrecut\u0103 pe site, paginile pe care s-a f\u0103cut clic sau de unde au venit vizitatorii.<\/li><li>Pentru compara\u021bie cu alte site-uri web care utilizeaz\u0103 date colectate de companii de m\u0103surare \u0219i cercetare acceptate de industrie.<\/li><\/ul><p>Informa\u021biile furnizate de modulele cookie de performan\u021b\u0103 ne ajut\u0103 s\u0103 \u00een\u021belegem cum utiliza\u021bi site-ul web. De exemplu, dac\u0103 a\u021bi mai vizitat sau nu, la ce v-a\u021bi uitat sau a\u021bi dat clic \u0219i cum ne-a\u021bi g\u0103sit. Apoi putem folosi aceste date pentru a ne \u00eembun\u0103t\u0103\u021bi serviciile.\u00a0<\/p><p>Dac\u0103 v-a\u021bi \u00eenregistrat pe site, putem combina datele din serviciile de analiz\u0103 web \u0219i cookie-urile acestora cu informa\u021biile pe care ni le-a\u021bi furnizat, astfel \u00eenc\u00e2t s\u0103 v\u0103 putem face experien\u021ba mai personal\u0103, recomand\u00e2ndu-v\u0103 anumite zone de produse \u0219i servicii pe baza dvs. comportamentul de vizionare. Am face acest lucru doar dac\u0103 ne-a\u021bi dat permisiunea de a comunica cu dvs. Uneori, datele utilizate de la companiile de analiz\u0103 web au fost colectate \u00eenainte s\u0103 v\u0103 \u00eenregistra\u021bi sau s\u0103 v\u0103 conecta\u021bi.\u00a0 \u00cen aceste cazuri, dac\u0103 folosim aceste date pentru a v\u0103 identifica, le folosim numai \u00een conformitate cu Politica noastr\u0103 de confiden\u021bialitate.<\/p><ul><li><strong>Cookie-uri de func\u021bionalitate<\/strong> permite utilizatorilor s\u0103 personalizeze modul \u00een care arat\u0103 un site web: \u00ee\u0219i pot aminti numele de utilizator, preferin\u021bele de limb\u0103 \u0219i regiunile \u0219i pot fi utiliza\u021bi pentru a oferi servicii mai personale, cum ar fi rapoartele meteo locale \u0219i \u0219tirile din trafic.<\/li><\/ul><p>Iat\u0103 c\u00e2teva exemple de modul \u00een care folosim cookie-urile de func\u021bionalitate:<\/p><ul><li>Stocarea preferin\u021belor dvs. de utilizator pe pagina Contul dvs.;<\/li><li>Aminti\u021bi-v\u0103 dac\u0103 a\u021bi mai fost pe site, astfel \u00eenc\u00e2t mesajele destinate utilizatorilor \u00eencep\u0103tori s\u0103 nu v\u0103 fie afi\u0219ate.<\/li><li><strong>Cookie-uri pentru publicitate \u0219i direc\u021bionare<\/strong> sunt folosite pentru a v\u0103 oferi reclame mai relevante pentru dvs., dar pot, de asemenea, s\u0103 limita\u021bi num\u0103rul de ori c\u00e2nd vede\u021bi o reclam\u0103 \u0219i s\u0103 fie utilizate pentru a reprezenta eficien\u021ba unei campanii publicitare prin urm\u0103rirea clicurilor utilizatorilor. De asemenea, pot oferi securitate \u00een tranzac\u021bii. Acestea sunt de obicei plasate de re\u021bele de publicitate ter\u021be cu permisiunea unui operator de site-uri web, dar pot fi plasate chiar de operator. Ei \u00ee\u0219i pot aminti c\u0103 a\u021bi vizitat un site web, iar aceste informa\u021bii pot fi partajate altor organiza\u021bii, inclusiv altor agen\u021bi de publicitate. Totu\u0219i, ei nu pot determina cine e\u0219ti, deoarece datele colectate nu sunt niciodat\u0103 legate de profilul t\u0103u.<\/li><\/ul><p><em>Cele dou\u0103 moduri principale \u00een care folosim cookie-urile de publicitate \u0219i de direc\u021bionare sunt prezentate mai jos:<\/em><\/p><ul><li><strong>Publicitate bazat\u0103 pe interese<\/strong> (sau publicitate comportamental\u0103 online) este locul \u00een care cookie-urile sunt plasate pe dispozitivul dvs. de c\u0103tre furnizorii no\u0219tri de servicii ter\u021bi care \u00ee\u0219i amintesc activitatea dvs. de navigare pe web \u0219i v\u0103 grupeaz\u0103 interesele pentru a v\u0103 oferi reclame direc\u021bionate care sunt mai relevante pentru dvs. atunci c\u00e2nd vizita\u021bi <a href=\"https:\/\/thecircle.business\/ro\/\"><strong>thecircle.business<\/strong><\/a>. Aceste informa\u021bii pot fi folosite \u0219i pentru a face publicitate <a href=\"https:\/\/thecircle.business\/ro\/\"><strong>www.thecircle.business<\/strong><\/a> mai relevant pentru tine.<\/li><li><strong>Retargetarea <\/strong>este o form\u0103 de publicitate bazat\u0103 pe interese care le permite partenerilor no\u0219tri de publicitate s\u0103 v\u0103 arate reclame selectate pe baza activit\u0103\u021bii dvs. de navigare online \u00een afara site-ului web. Acest lucru permite companiilor s\u0103 fac\u0103 publicitate persoanelor care le-au vizitat anterior site-ul web. Aceste cookie-uri vor fi de obicei plasate pe dispozitivul dumneavoastr\u0103 de c\u0103tre re\u021bele de publicitate ter\u021be \u0219i am enumerat mai jos principalele re\u021bele ter\u021be cu care lucr\u0103m.<\/li><\/ul><p>F\u0103r\u0103 aceste cookie-uri, reclamele online pe care le \u00eent\u00e2lni\u021bi vor fi mai pu\u021bin relevante pentru dvs. \u0219i interesele dvs. Dac\u0103 dori\u021bi mai multe informa\u021bii despre publicitatea bazat\u0103 pe interese, inclusiv despre cum s\u0103 renun\u021ba\u021bi la aceste cookie-uri, v\u0103 rug\u0103m s\u0103 vizita\u021bi <a href=\"https:\/\/thecircle.business\/ro\/\"><strong>www.thecircle.business<\/strong><\/a><strong>.<\/strong><\/p><ol start=\"5\"><li><strong> Cum \u00eemi controlez cookie-urile?<\/strong><\/li><\/ol><p>Trebuie s\u0103 \u0219ti\u021bi c\u0103 orice preferin\u021be se vor pierde dac\u0103 \u0219terge\u021bi cookie-urile \u0219i multe site-uri web nu vor func\u021biona corect sau ve\u021bi pierde unele func\u021bionalit\u0103\u021bi. Din aceste motive, nu recomand\u0103m s\u0103 dezactiva\u021bi cookie-urile atunci c\u00e2nd utiliza\u021bi site-ul nostru web.<strong>\u00a0\u00a0\u00a0\u00a0\u00a0\u00a0\u00a0\u00a0\u00a0\u00a0\u00a0\u00a0\u00a0\u00a0\u00a0\u00a0\u00a0\u00a0\u00a0\u00a0\u00a0\u00a0\u00a0\u00a0\u00a0\u00a0\u00a0\u00a0\u00a0\u00a0\u00a0\u00a0\u00a0\u00a0\u00a0\u00a0\u00a0\u00a0\u00a0\u00a0\u00a0\u00a0\u00a0\u00a0\u00a0\u00a0\u00a0\u00a0\u00a0\u00a0\u00a0\u00a0\u00a0\u00a0\u00a0\u00a0\u00a0\u00a0\u00a0\u00a0\u00a0\u00a0\u00a0\u00a0\u00a0\u00a0\u00a0\u00a0\u00a0\u00a0\u00a0\u00a0\u00a0\u00a0\u00a0\u00a0\u00a0\u00a0\u00a0\u00a0\u00a0\u00a0\u00a0\u00a0\u00a0\u00a0\u00a0\u00a0\u00a0\u00a0\u00a0\u00a0\u00a0\u00a0\u00a0\u00a0\u00a0\u00a0\u00a0\u00a0\u00a0\u00a0\u00a0\u00a0\u00a0\u00a0\u00a0\u00a0\u00a0\u00a0\u00a0\u00a0\u00a0\u00a0\u00a0\u00a0\u00a0\u00a0\u00a0\u00a0\u00a0\u00a0\u00a0\u00a0\u00a0\u00a0\u00a0\u00a0\u00a0\u00a0\u00a0\u00a0\u00a0\u00a0\u00a0\u00a0\u00a0\u00a0\u00a0\u00a0\u00a0\u00a0\u00a0\u00a0\u00a0\u00a0\u00a0\u00a0\u00a0\u00a0\u00a0\u00a0\u00a0\u00a0\u00a0\u00a0\u00a0\u00a0\u00a0\u00a0\u00a0\u00a0\u00a0\u00a0\u00a0\u00a0\u00a0\u00a0\u00a0\u00a0\u00a0\u00a0\u00a0\u00a0\u00a0\u00a0\u00a0\u00a0\u00a0\u00a0\u00a0\u00a0\u00a0\u00a0\u00a0\u00a0\u00a0\u00a0\u00a0\u00a0\u00a0\u00a0\u00a0\u00a0\u00a0\u00a0\u00a0\u00a0\u00a0\u00a0\u00a0\u00a0\u00a0\u00a0\u00a0\u00a0\u00a0 <\/strong><\/p><p>Majoritatea browserelor accept\u0103 cookie-uri automat, dar pute\u021bi modifica set\u0103rile browserului pentru a \u0219terge cookie-urile sau pentru a preveni acceptarea automat\u0103, dac\u0103 prefera\u021bi. \u00cen general, ave\u021bi op\u021biunea de a vedea ce cookie-uri ave\u021bi \u0219i de a le \u0219terge individual, de a bloca cookie-urile ter\u021belor p\u0103r\u021bi sau cookie-urile de pe anumite site-uri, de a accepta toate cookie-urile, de a fi notificat c\u00e2nd este emis un cookie sau de a respinge toate cookie-urile. Viziteaza \"<strong>options<\/strong>\u201d or \u201c<strong>preferences<\/strong>\u201d menu on your browser to change settings, and check the following links for more browser-specific information.<\/p><ul><li>Set\u0103ri cookie \u00een Internet Explorer <a href=\"https:\/\/support.microsoft.com\/en-us\/topic\/description-of-cookies-ad01aa7e-66c9-8ab2-7898-6652c100999d\" target=\"_blank\" rel=\"noopener\">https:\/\/support.microsoft.com\/en-us\/topic\/description-of-cookies-ad01aa7e-66c9-8ab2-7898-6652c100999d<\/a><\/li><li>Set\u0103ri cookie \u00een Firefox <a href=\"https:\/\/support.mozilla.org\/en-US\/kb\/cookies-information-websites-store-on-your-computer\" target=\"_blank\" rel=\"noopener\">https:\/\/support.mozilla.org\/en-US\/kb\/cookies-information-websites-store-on-your-computer<\/a><\/li><li>Set\u0103ri cookie \u00een Chrome <a href=\"https:\/\/support.google.com\/chrome\/answer\/95647?hl=en\" target=\"_blank\" rel=\"noopener\">https:\/\/support.google.com\/chrome\/answer\/95647?hl=en<\/a><\/li><li>Set\u0103ri cookie \u00een Safari <a href=\"https:\/\/support.apple.com\/guide\/safari\/manage-cookies-sfri11471\/mac\" target=\"_blank\" rel=\"noopener\">https:\/\/support.apple.com\/guide\/safari\/manage-cookies-sfri11471\/mac<\/a><\/li><\/ul><ol start=\"6\"><li><strong> GESTIONAREA COOKIE-URILOR PUBLICITARE<\/strong><\/li><\/ol><p>V\u0103 rug\u0103m s\u0103 re\u021bine\u021bi c\u0103, dac\u0103 dori\u021bi s\u0103 renun\u021ba\u021bi la primirea de publicitate direc\u021bionat\u0103, aceasta nu \u00eenseamn\u0103 c\u0103 ve\u021bi primi mai pu\u021bin\u0103 publicitate atunci c\u00e2nd utiliza\u021bi site-ul nostru. Aceasta \u00eenseamn\u0103 doar c\u0103 publicitatea pe care o vede\u021bi nu va fi at\u00e2t de personalizat\u0103 pentru dvs.<\/p><p>Cu toate acestea, dac\u0103 dori\u021bi totu\u0219i s\u0103 dezactiva\u021bi cookie-urile de publicitate ter\u021b\u0103 parte, pute\u021bi face acest lucru vizit\u00e2nd site-ul de consiliere pentru consumatori al Biroului de Publicitate pe Internet, youronlinechoices.com\u00a0. Aceasta v\u0103 va oferi o list\u0103 cu toate modulele cookie care sunt setate \u00een prezent pe dispozitivul dvs. \u0219i cum s\u0103 renun\u021ba\u021bi la fiecare dintre ele. V\u0103 rug\u0103m s\u0103 re\u021bine\u021bi c\u0103 aceast\u0103 list\u0103 va con\u021bine mai multe re\u021bele dec\u00e2t cele g\u0103site <a href=\"https:\/\/thecircle.business\/ro\/\"><strong>www.thecircle.business<\/strong><\/a><strong>.<\/strong> Ne asigur\u0103m c\u0103 toate re\u021belele ter\u021be de publicitate \u0219i agen\u021bii de publicitate care seteaz\u0103 cookie-uri pe site-ul nostru web sunt \u00eenscri\u0219i la acest site.<\/p><p>De asemenea, am stabilit mai jos link-uri c\u0103tre unii dintre partenerii specifici cu care lucr\u0103m \u0219i care seteaz\u0103 cookie-uri pe site-urile noastre web \u0219i, prin urmare, pe computerul dvs., fiecare dintre acestea av\u00e2nd instruc\u021biuni despre cum s\u0103 renun\u021be la cookie-urile lor.<\/p><p>Google &#8211; <a href=\"http:\/\/www.google.com\/ads\/preferences\/html\/opt-out.html\" target=\"_blank\" rel=\"noopener\"><strong>http:\/\/www.google.com\/ads\/preferences\/html\/opt-out.html<\/strong><\/a><\/p><p>Facebook &#8211; <a href=\"https:\/\/www.facebook.com\/business\/help\/471978536642445?id=1205376682832142\" target=\"_blank\" rel=\"noopener\"><strong>https:\/\/www.facebook.com\/business\/help\/471978536642445?id=1205376682832142<\/strong><\/a><\/p><ol start=\"7\"><li><strong> Consim\u021b\u0103m\u00e2ntul utilizatorului<\/strong><\/li><\/ol><p>Continu\u00e2nd s\u0103 utiliza\u021bi site-ul nostru, sunte\u021bi de acord cu plasarea cookie-urilor pe dispozitivul dumneavoastr\u0103. Dac\u0103 alege\u021bi s\u0103 nu primi\u021bi cookie-urile noastre, nu v\u0103 putem garanta c\u0103 experien\u021ba dumneavoastr\u0103 va fi la fel de satisf\u0103c\u0103toare cum ar fi altfel.<\/p><\/div>\n\t\t\t\t<\/div>\n\t\t\t\t<\/div>\n\t\t\t\t\t\t<\/div>\n\t\t\t<\/div>\n\t\t<\/div>\n\t\t\t\t\t\t<\/div>\n\t\t\t<\/div>\n\t\t<\/section>\n\t\t\t\t\t\t<\/div>\n\t\t\t<\/div>\n\t\t<\/div>","protected":false},"excerpt":{"rendered":"<p>This page describes our cookie policy of www.thecircle.business (hereinafter referred to as\u00a0 the \u201cWebsite\u201d). If you do not accept this Cookie Policy please do not use our Website. WHAT ARE COOKIES? In order to work properly, most websites need to collect certain basic information on its users. To do this, a website will create files [&hellip;]<\/p>","protected":false},"author":1,"featured_media":0,"parent":0,"menu_order":0,"comment_status":"closed","ping_status":"closed","template":"elementor_header_footer","meta":[],"_links":{"self":[{"href":"https:\/\/thecircle.business\/ro\/wp-json\/wp\/v2\/pages\/2703"}],"collection":[{"href":"https:\/\/thecircle.business\/ro\/wp-json\/wp\/v2\/pages"}],"about":[{"href":"https:\/\/thecircle.business\/ro\/wp-json\/wp\/v2\/types\/page"}],"author":[{"embeddable":true,"href":"https:\/\/thecircle.business\/ro\/wp-json\/wp\/v2\/users\/1"}],"replies":[{"embeddable":true,"href":"https:\/\/thecircle.business\/ro\/wp-json\/wp\/v2\/comments?post=2703"}],"version-history":[{"count":12,"href":"https:\/\/thecircle.business\/ro\/wp-json\/wp\/v2\/pages\/2703\/revisions"}],"predecessor-version":[{"id":2879,"href":"https:\/\/thecircle.business\/ro\/wp-json\/wp\/v2\/pages\/2703\/revisions\/2879"}],"wp:attachment":[{"href":"https:\/\/thecircle.business\/ro\/wp-json\/wp\/v2\/media?parent=2703"}],"curies":[{"name":"wp","href":"https:\/\/api.w.org\/{rel}","templated":true}]}}